{"id":742,"date":"2025-11-03T11:00:46","date_gmt":"2025-11-03T09:00:46","guid":{"rendered":"https:\/\/angela-knickmeier.com\/?page_id=742"},"modified":"2025-11-03T21:18:53","modified_gmt":"2025-11-03T19:18:53","slug":"impressum","status":"publish","type":"page","link":"https:\/\/angela-knickmeier.com\/en\/impressum\/","title":{"rendered":"Impressum"},"content":{"rendered":"\n<p><strong>Vertreten durch<br><\/strong>Angela Knickmeier<br>Dannenberger Str.16<br>29476 Gusborn<br>Deutschland<\/p>\n\n\n\n<p><strong>Kontakt<\/strong><br>Telefon: 05865 \/ 9887373<br>E-Mail: angelaknickmeier(at)yahoo.de<\/p>\n\n\n\n<p><strong>Urheberrecht<\/strong><br>Alle auf unserer Website ver\u00f6ffentlichten Inhalte sind urheberrechtlich gesch\u00fctzt. Wir behalten uns alle Rechte vor, einschlie\u00dflich \u00dcbersetzungen. Wir \u00fcbernehmen keine Haftung f\u00fcr die Richtigkeit, Funktionalit\u00e4t oder Aktualit\u00e4t dieser Inhalte. Eine Haftung f\u00fcr direkte oder indirekte Sch\u00e4den, die durch deren Nutzung entstehen, ist ausgeschlossen. Dies umfasst auch Datenverluste und entgangenen Gewinn. Vervielf\u00e4ltigungen jeglicher Art, sei es durch Fotokopien oder Aufzeichnungen auf CD, sind nur mit schriftlicher Zustimmung von Angela Knickmeier gestattet.<\/p>\n\n\n\n<p><strong>Links<\/strong><br>Links zu Websites Dritter unterliegen nicht der Kontrolle von Angela Knickmeier, und sie ist nicht f\u00fcr deren Inhalt verantwortlich. Diese Links dienen ausschlie\u00dflich der Benutzerfreundlichkeit f\u00fcr den Besucher. Wir m\u00f6chten daher nicht den Eindruck erwecken, dass der Inhalt dieser Websites Teil unserer Website ist.<\/p>\n","protected":false},"excerpt":{"rendered":"<p>Vertreten durchAngela KnickmeierDannenberger Str.1629476 GusbornDeutschland KontaktTelefon: 05865 \/ 9887373E-Mail: angelaknickmeier(at)yahoo.de UrheberrechtAlle auf unserer Website ver\u00f6ffentlichten Inhalte sind urheberrechtlich gesch\u00fctzt. Wir behalten uns alle Rechte vor, einschlie\u00dflich \u00dcbersetzungen. Wir \u00fcbernehmen keine Haftung f\u00fcr die Richtigkeit, Funktionalit\u00e4t oder Aktualit\u00e4t dieser Inhalte. Eine &hellip; <a href=\"https:\/\/angela-knickmeier.com\/en\/impressum\/\">Continue reading <span class=\"meta-nav\">&rarr;<\/span><\/a><\/p>\n","protected":false},"author":1,"featured_media":0,"parent":0,"menu_order":0,"comment_status":"closed","ping_status":"closed","template":"","meta":{"footnotes":""},"class_list":["post-742","page","type-page","status-publish","hentry"],"yoast_head":"<!-- This site is optimized with the Yoast SEO plugin v26.2 - https:\/\/yoast.com\/wordpress\/plugins\/seo\/ -->\n<title>Impressum<\/title>\n<meta name=\"description\" content=\"This is the art from Angela Knickmeier. K\u00fcnstlerin Angela Knickmeier und Ihre Werke.\" \/>\n<meta name=\"robots\" content=\"index, follow, max-snippet:-1, max-image-preview:large, max-video-preview:-1\" \/>\n<link rel=\"canonical\" href=\"https:\/\/angela-knickmeier.com\/en\/impressum\/\" \/>\n<meta property=\"og:locale\" content=\"en_GB\" \/>\n<meta property=\"og:locale:alternate\" content=\"de_DE\" \/>\n<meta property=\"og:type\" content=\"article\" \/>\n<meta property=\"og:title\" content=\"Impressum\" \/>\n<meta property=\"og:description\" content=\"This is the art from Angela Knickmeier. K\u00fcnstlerin Angela Knickmeier und Ihre Werke.\" \/>\n<meta property=\"og:url\" content=\"https:\/\/angela-knickmeier.com\/en\/impressum\/\" \/>\n<meta property=\"og:site_name\" content=\"Angela Knickmeier\" \/>\n<meta property=\"article:modified_time\" content=\"2025-11-03T19:18:53+00:00\" \/>\n<meta name=\"twitter:label1\" content=\"Estimated reading time\" \/>\n\t<meta name=\"twitter:data1\" content=\"1 minute\" \/>\n<script type=\"application\/ld+json\" class=\"yoast-schema-graph\">{\"@context\":\"https:\/\/schema.org\",\"@graph\":[{\"@type\":\"WebPage\",\"@id\":\"https:\/\/angela-knickmeier.com\/impressum\/\",\"url\":\"https:\/\/angela-knickmeier.com\/impressum\/\",\"name\":\"Impressum\",\"isPartOf\":{\"@id\":\"https:\/\/angela-knickmeier.com\/#website\"},\"datePublished\":\"2025-11-03T09:00:46+00:00\",\"dateModified\":\"2025-11-03T19:18:53+00:00\",\"description\":\"This is the art from Angela Knickmeier. K\u00fcnstlerin Angela Knickmeier und Ihre Werke.\",\"inLanguage\":\"en-GB\",\"potentialAction\":[{\"@type\":\"ReadAction\",\"target\":[\"https:\/\/angela-knickmeier.com\/impressum\/\"]}]},{\"@type\":\"WebSite\",\"@id\":\"https:\/\/angela-knickmeier.com\/#website\",\"url\":\"https:\/\/angela-knickmeier.com\/\",\"name\":\"Angela Knickmeier\",\"description\":\"THIS IS MY ART\",\"potentialAction\":[{\"@type\":\"SearchAction\",\"target\":{\"@type\":\"EntryPoint\",\"urlTemplate\":\"https:\/\/angela-knickmeier.com\/?s={search_term_string}\"},\"query-input\":{\"@type\":\"PropertyValueSpecification\",\"valueRequired\":true,\"valueName\":\"search_term_string\"}}],\"inLanguage\":\"en-GB\"}]}<\/script>\n<!-- \/ Yoast SEO plugin. -->","yoast_head_json":{"title":"Impressum","description":"This is the art from Angela Knickmeier. K\u00fcnstlerin Angela Knickmeier und Ihre Werke.","robots":{"index":"index","follow":"follow","max-snippet":"max-snippet:-1","max-image-preview":"max-image-preview:large","max-video-preview":"max-video-preview:-1"},"canonical":"https:\/\/angela-knickmeier.com\/en\/impressum\/","og_locale":"en_GB","og_type":"article","og_title":"[:de]Impressum[:]","og_description":"This is the art from Angela Knickmeier. K\u00fcnstlerin Angela Knickmeier und Ihre Werke.","og_url":"https:\/\/angela-knickmeier.com\/en\/impressum\/","og_site_name":"Angela Knickmeier","article_modified_time":"2025-11-03T19:18:53+00:00","twitter_misc":{"Estimated reading time":"1 minute"},"schema":{"@context":"https:\/\/schema.org","@graph":[{"@type":"WebPage","@id":"https:\/\/angela-knickmeier.com\/impressum\/","url":"https:\/\/angela-knickmeier.com\/impressum\/","name":"Impressum","isPartOf":{"@id":"https:\/\/angela-knickmeier.com\/#website"},"datePublished":"2025-11-03T09:00:46+00:00","dateModified":"2025-11-03T19:18:53+00:00","description":"This is the art from Angela Knickmeier. K\u00fcnstlerin Angela Knickmeier und Ihre Werke.","inLanguage":"en-GB","potentialAction":[{"@type":"ReadAction","target":["https:\/\/angela-knickmeier.com\/impressum\/"]}]},{"@type":"WebSite","@id":"https:\/\/angela-knickmeier.com\/#website","url":"https:\/\/angela-knickmeier.com\/","name":"Angela Knickmeier","description":"THIS IS MY ART","potentialAction":[{"@type":"SearchAction","target":{"@type":"EntryPoint","urlTemplate":"https:\/\/angela-knickmeier.com\/?s={search_term_string}"},"query-input":{"@type":"PropertyValueSpecification","valueRequired":true,"valueName":"search_term_string"}}],"inLanguage":"en-GB"}]}},"_links":{"self":[{"href":"https:\/\/angela-knickmeier.com\/en\/wp-json\/wp\/v2\/pages\/742","targetHints":{"allow":["GET"]}}],"collection":[{"href":"https:\/\/angela-knickmeier.com\/en\/wp-json\/wp\/v2\/pages"}],"about":[{"href":"https:\/\/angela-knickmeier.com\/en\/wp-json\/wp\/v2\/types\/page"}],"author":[{"embeddable":true,"href":"https:\/\/angela-knickmeier.com\/en\/wp-json\/wp\/v2\/users\/1"}],"replies":[{"embeddable":true,"href":"https:\/\/angela-knickmeier.com\/en\/wp-json\/wp\/v2\/comments?post=742"}],"version-history":[{"count":4,"href":"https:\/\/angela-knickmeier.com\/en\/wp-json\/wp\/v2\/pages\/742\/revisions"}],"predecessor-version":[{"id":749,"href":"https:\/\/angela-knickmeier.com\/en\/wp-json\/wp\/v2\/pages\/742\/revisions\/749"}],"wp:attachment":[{"href":"https:\/\/angela-knickmeier.com\/en\/wp-json\/wp\/v2\/media?parent=742"}],"curies":[{"name":"wp","href":"https:\/\/api.w.org\/{rel}","templated":true}]}}